{"id":577,"date":"2026-01-31T09:44:48","date_gmt":"2026-01-31T14:44:48","guid":{"rendered":"https:\/\/kuskamunayflowers.com\/?post_type=product&#038;p=577"},"modified":"2026-05-06T08:45:47","modified_gmt":"2026-05-06T13:45:47","slug":"combo-delicado-2","status":"publish","type":"product","link":"https:\/\/kuskamunayflowers.com\/eng\/product\/combo-delicado-2\/","title":{"rendered":"Delicate Combo 2"},"content":{"rendered":"<p>Bouquet of 6 roses with Noggi Chocolates and a &quot;I Love You&quot; balloon.<\/p>\n<p><strong>Note:<\/strong> la presentaci\u00f3n de los chocolates puede variar de envase pl\u00e1stico a bolsa de cart\u00f3n seg\u00fan la localidad<\/p>","protected":false},"excerpt":{"rendered":"<p>Bouquet of 6 roses with Noggi Chocolates and a &quot;I Love You&quot; balloon.<\/p>\n<p><strong>Note:<\/strong> la presentaci\u00f3n de los chocolates puede variar de envase pl\u00e1stico a bolsa de cart\u00f3n seg\u00fan la localidad.<\/p>","protected":false},"featured_media":578,"comment_status":"open","ping_status":"closed","template":"","meta":{"_joinchat":[]},"product_brand":[],"product_cat":[24,20,16,23,19],"product_tag":[89,48,90,79],"class_list":{"0":"post-577","1":"product","2":"type-product","3":"status-publish","4":"has-post-thumbnail","6":"product_cat-chocolates-y-vinos","7":"product_cat-combos-especiales","8":"product_cat-ocasiones","9":"product_cat-regalos-el-ella","10":"product_cat-rosas","11":"product_tag-6-rosas","12":"product_tag-chocolates","13":"product_tag-noggi","14":"product_tag-te-amo","16":"first","17":"instock","18":"shipping-taxable","19":"purchasable","20":"product-type-simple"},"jetpack_sharing_enabled":true,"_links":{"self":[{"href":"https:\/\/kuskamunayflowers.com\/eng\/wp-json\/wp\/v2\/product\/577","targetHints":{"allow":["GET"]}}],"collection":[{"href":"https:\/\/kuskamunayflowers.com\/eng\/wp-json\/wp\/v2\/product"}],"about":[{"href":"https:\/\/kuskamunayflowers.com\/eng\/wp-json\/wp\/v2\/types\/product"}],"replies":[{"embeddable":true,"href":"https:\/\/kuskamunayflowers.com\/eng\/wp-json\/wp\/v2\/comments?post=577"}],"wp:featuredmedia":[{"embeddable":true,"href":"https:\/\/kuskamunayflowers.com\/eng\/wp-json\/wp\/v2\/media\/578"}],"wp:attachment":[{"href":"https:\/\/kuskamunayflowers.com\/eng\/wp-json\/wp\/v2\/media?parent=577"}],"wp:term":[{"taxonomy":"product_brand","embeddable":true,"href":"https:\/\/kuskamunayflowers.com\/eng\/wp-json\/wp\/v2\/product_brand?post=577"},{"taxonomy":"product_cat","embeddable":true,"href":"https:\/\/kuskamunayflowers.com\/eng\/wp-json\/wp\/v2\/product_cat?post=577"},{"taxonomy":"product_tag","embeddable":true,"href":"https:\/\/kuskamunayflowers.com\/eng\/wp-json\/wp\/v2\/product_tag?post=577"}],"curies":[{"name":"wp","href":"https:\/\/api.w.org\/{rel}","templated":true}]}}