{"id":552,"date":"2026-01-22T17:43:21","date_gmt":"2026-01-22T17:43:21","guid":{"rendered":"https:\/\/kuskamunayflowers.com\/?post_type=product&#038;p=552"},"modified":"2026-02-03T15:52:53","modified_gmt":"2026-02-03T20:52:53","slug":"vinos-artesanales-condor-machay","status":"publish","type":"product","link":"https:\/\/kuskamunayflowers.com\/eng\/product\/vinos-artesanales-condor-machay\/","title":{"rendered":"Vinos Artesanales C\u00f3ndor Machay"},"content":{"rendered":"<p>Vinos artesanales de Rumi\u00f1ahui &#8211; Pichincha de 750 ml<\/p>\n<p>Sabores: Morti\u00f1o, Mora, Flor de Jamaica, Ar\u00e1ndano, Maracuy\u00e1, Grosella y Frambuesa.<\/p>\n<p><strong>Note:<\/strong> Solo disponibles para Quito en compras con m\u00ednimo 24 horas de anticipaci\u00f3n.<\/p>","protected":false},"excerpt":{"rendered":"<p>Vinos artesanales de Rumi\u00f1ahui &#8211; Pichincha de 750 ml<\/p>\n<p>Sabores: Morti\u00f1o, Mora, Flor de Jamaica, Ar\u00e1ndano, Maracuy\u00e1, Grosella y Frambuesa.<\/p>\n<p><strong>Note:<\/strong> Solo disponibles para Quito en compras con m\u00ednimo 24 horas de anticipaci\u00f3n.<\/p>","protected":false},"featured_media":561,"comment_status":"open","ping_status":"closed","template":"","meta":{"_joinchat":[]},"product_brand":[],"product_cat":[24,16,23],"product_tag":[84,83,86,85,45],"class_list":{"0":"post-552","1":"product","2":"type-product","3":"status-publish","4":"has-post-thumbnail","6":"product_cat-chocolates-y-vinos","7":"product_cat-ocasiones","8":"product_cat-regalos-el-ella","9":"product_tag-artesanales","10":"product_tag-condor-machay","11":"product_tag-ecuatoriano","12":"product_tag-nacional","13":"product_tag-vino","15":"first","16":"instock","17":"shipping-taxable","18":"purchasable","19":"product-type-simple"},"jetpack_sharing_enabled":true,"_links":{"self":[{"href":"https:\/\/kuskamunayflowers.com\/eng\/wp-json\/wp\/v2\/product\/552","targetHints":{"allow":["GET"]}}],"collection":[{"href":"https:\/\/kuskamunayflowers.com\/eng\/wp-json\/wp\/v2\/product"}],"about":[{"href":"https:\/\/kuskamunayflowers.com\/eng\/wp-json\/wp\/v2\/types\/product"}],"replies":[{"embeddable":true,"href":"https:\/\/kuskamunayflowers.com\/eng\/wp-json\/wp\/v2\/comments?post=552"}],"wp:featuredmedia":[{"embeddable":true,"href":"https:\/\/kuskamunayflowers.com\/eng\/wp-json\/wp\/v2\/media\/561"}],"wp:attachment":[{"href":"https:\/\/kuskamunayflowers.com\/eng\/wp-json\/wp\/v2\/media?parent=552"}],"wp:term":[{"taxonomy":"product_brand","embeddable":true,"href":"https:\/\/kuskamunayflowers.com\/eng\/wp-json\/wp\/v2\/product_brand?post=552"},{"taxonomy":"product_cat","embeddable":true,"href":"https:\/\/kuskamunayflowers.com\/eng\/wp-json\/wp\/v2\/product_cat?post=552"},{"taxonomy":"product_tag","embeddable":true,"href":"https:\/\/kuskamunayflowers.com\/eng\/wp-json\/wp\/v2\/product_tag?post=552"}],"curies":[{"name":"wp","href":"https:\/\/api.w.org\/{rel}","templated":true}]}}